{"id":520,"date":"2023-12-18T16:39:06","date_gmt":"2023-12-18T21:39:06","guid":{"rendered":"https:\/\/statbox.ca\/?page_id=520"},"modified":"2024-01-15T17:15:48","modified_gmt":"2024-01-15T22:15:48","slug":"contact","status":"publish","type":"page","link":"https:\/\/statbox.ca\/en\/contact\/","title":{"rendered":"Contact"},"content":{"rendered":"<div style=\"height:100px\" aria-hidden=\"true\" class=\"wp-block-spacer\"><\/div>\n\n\n\n<div style=\"height:45px\" aria-hidden=\"true\" class=\"wp-block-spacer\"><\/div>\n\n\n\n<div class=\"wp-block-columns is-layout-flex wp-container-core-columns-is-layout-9d6595d7 wp-block-columns-is-layout-flex\">\n<div class=\"wp-block-column is-vertically-aligned-center is-layout-flow wp-block-column-is-layout-flow\" style=\"flex-basis:100%\">\n<div class=\"wp-block-group animated fadeIn has-foreground-color has-tertiary-background-color has-text-color has-background\" style=\"padding-top:var(--wp--preset--spacing--80);padding-right:var(--wp--preset--spacing--50);padding-bottom:var(--wp--preset--spacing--80);padding-left:var(--wp--preset--spacing--50)\"><div class=\"wp-block-group__inner-container is-layout-constrained wp-container-core-group-is-layout-40604b15 wp-block-group-is-layout-constrained\">\n<div class=\"wp-block-columns alignwide is-layout-flex wp-container-core-columns-is-layout-23f56164 wp-block-columns-is-layout-flex\">\n<div class=\"wp-block-column is-layout-flow wp-block-column-is-layout-flow\" style=\"flex-basis:33.33%\">\n<h3 class=\"wp-block-heading\" style=\"margin-top:0px;font-size:40px;line-height:1\">Contact us<\/h3>\n\n\n\n<p style=\"line-height:1.65\">Please contact us using the details below, or send us a message using the form.<\/p>\n<\/div>\n\n\n\n<div class=\"wp-block-column is-layout-flow wp-block-column-is-layout-flow\" style=\"flex-basis:66.66%\"><div class=\"wp-block-jetpack-contact-form is-style-default is-layout-flex wp-container-jetpack-contact-form-is-layout-faa3ad1c wp-block-jetpack-contact-form-is-layout-flex\"><a href=\"https:\/\/statbox.ca\/en\/contact\/\" target=\"_blank\" rel=\"noopener noreferrer\">Submit a form.<\/a><\/div><\/div>\n<\/div>\n<\/div><\/div>\n<\/div>\n<\/div>","protected":false},"excerpt":{"rendered":"<p>Contactez-nous N&rsquo;h\u00e9sitez pas \u00e0 nous contacter avec les informations ci-dessous ou \u00e0 envoyer un message en utilisant le formulaire.<\/p>","protected":false},"author":146062226,"featured_media":0,"parent":0,"menu_order":0,"comment_status":"closed","ping_status":"closed","template":"","meta":{"advanced_seo_description":"","jetpack_seo_html_title":"","jetpack_seo_noindex":false,"_kad_post_transparent":"","_kad_post_title":"hide","_kad_post_layout":"","_kad_post_sidebar_id":"","_kad_post_content_style":"","_kad_post_vertical_padding":"","_kad_post_feature":"","_kad_post_feature_position":"","_kad_post_header":false,"_kad_post_footer":false,"footnotes":""},"class_list":["post-520","page","type-page","status-publish","hentry"],"jetpack_likes_enabled":true,"jetpack_sharing_enabled":true,"jetpack_shortlink":"https:\/\/wp.me\/Pfmi4D-8o","jetpack-related-posts":[],"_links":{"self":[{"href":"https:\/\/statbox.ca\/en\/wp-json\/wp\/v2\/pages\/520","targetHints":{"allow":["GET"]}}],"collection":[{"href":"https:\/\/statbox.ca\/en\/wp-json\/wp\/v2\/pages"}],"about":[{"href":"https:\/\/statbox.ca\/en\/wp-json\/wp\/v2\/types\/page"}],"author":[{"embeddable":true,"href":"https:\/\/statbox.ca\/en\/wp-json\/wp\/v2\/users\/146062226"}],"replies":[{"embeddable":true,"href":"https:\/\/statbox.ca\/en\/wp-json\/wp\/v2\/comments?post=520"}],"version-history":[{"count":29,"href":"https:\/\/statbox.ca\/en\/wp-json\/wp\/v2\/pages\/520\/revisions"}],"predecessor-version":[{"id":2541,"href":"https:\/\/statbox.ca\/en\/wp-json\/wp\/v2\/pages\/520\/revisions\/2541"}],"wp:attachment":[{"href":"https:\/\/statbox.ca\/en\/wp-json\/wp\/v2\/media?parent=520"}],"curies":[{"name":"wp","href":"https:\/\/api.w.org\/{rel}","templated":true}]}}